{"id":288,"date":"2025-03-04T16:52:09","date_gmt":"2025-03-04T16:52:09","guid":{"rendered":"http:\/\/fellini.local\/?page_id=288"},"modified":"2025-03-04T21:29:35","modified_gmt":"2025-03-04T21:29:35","slug":"kontakt-oss","status":"publish","type":"page","link":"https:\/\/fellini.vebbit.io\/en\/kontakt-oss\/","title":{"rendered":"Contact us"},"content":{"rendered":"<div class=\"wp-block-columns alignwide is-layout-flex wp-container-core-columns-is-layout-783b4be3 wp-block-columns-is-layout-flex\" style=\"margin-bottom:var(--wp--preset--spacing--60)\">\n<div class=\"wp-block-column is-vertically-aligned-center is-layout-flow wp-block-column-is-layout-flow\">\n<h2 class=\"wp-block-heading\">Contact information:<\/h2>\n\n\n\n<div class=\"wp-block-group is-vertical is-layout-flex wp-container-core-group-is-layout-4b827052 wp-block-group-is-layout-flex\">\n<p>Tel: <a href=\"tel:4776077760\">76 07 77 60<\/a><\/p>\n\n\n\n<p>Org. no.: 926 037 854<\/p>\n\n\n\n<p>Email booking: <a href=\"mailto:restaurant@fellinisvolvar.no\">restaurant@fellinisvolvar.no<\/a><\/p>\n\n\n\n<p>Email invoice: <a href=\"mailto:flas@faktura.poweroffice.net\">flas@faktura.poweroffice.net<\/a><\/p>\n<\/div>\n\n\n\n<h2 class=\"wp-block-heading\">Address:<\/h2>\n\n\n\n<p><a href=\"https:\/\/maps.app.goo.gl\/vSfx8cwsdynSwhzk6\" data-type=\"link\" data-id=\"https:\/\/maps.app.goo.gl\/vSfx8cwsdynSwhzk6\">Vestfjordgata 8<br>8300 Svolv\u00e6r<\/a><br><\/p>\n<\/div>\n\n\n\n<div class=\"wp-block-column is-layout-flow wp-block-column-is-layout-flow\"><div id=\"wpgmza_map\" class=\"wpgmza_map\" data-settings='{\"id\":\"1\",\"map_title\":\"Fellini Svolv\\u00e6r\",\"map_width\":\"100\",\"map_height\":\"400\",\"map_start_lat\":\"68.23278516597017\",\"map_start_lng\":\"14.56863063378167\",\"map_start_location\":\"45.950464398418106,-109.81550500000003\",\"map_start_zoom\":\"14\",\"default_marker\":\"\",\"type\":\"1\",\"alignment\":\"4\",\"directions_enabled\":\"0\",\"styling_enabled\":\"0\",\"styling_json\":\"\",\"active\":\"0\",\"kml\":\"\",\"bicycle\":\"0\",\"traffic\":\"0\",\"dbox\":\"0\",\"dbox_width\":\"\",\"listmarkers\":\"0\",\"listmarkers_advanced\":\"0\",\"filterbycat\":\"0\",\"ugm_enabled\":\"0\",\"ugm_category_enabled\":\"0\",\"fusion\":\"\",\"map_width_type\":\"%\",\"map_height_type\":\"px\",\"mass_marker_support\":\"0\",\"ugm_access\":\"0\",\"order_markers_by\":\"0\",\"order_markers_choice\":\"0\",\"show_user_location\":\"0\",\"default_to\":\"\",\"other_settings\":{\"map_type\":1,\"sl_stroke_color\":\"\",\"sl_fill_color\":\"\",\"sl_stroke_opacity\":\"\",\"sl_fill_opacity\":\"\",\"transport_layer\":false,\"action\":\"wpgmza_save_map\",\"redirect_to\":\"\\\/wp-admin\\\/admin-post.php\",\"map_id\":\"1\",\"http_referer\":\"\\\/wp-admin\\\/admin.php?page=wp-google-maps-menu&amp;amp;action=edit&amp;amp;map_id=1\",\"wpgmza_id\":\"1\",\"wpgmza_start_location\":\"68.23278516597017,14.56863063378167\",\"wpgmza_start_zoom\":\"14\",\"wpgmza_theme_data\":\"\",\"store_locator_enabled\":false,\"store_locator_search_area\":\"radial\",\"wpgmza_store_locator_radius_style\":\"legacy\",\"wpgmza_store_locator_default_radius\":\"10\",\"store_locator_auto_area_max_zoom\":\"\",\"store_locator_distance\":false,\"wpgmza_store_locator_position\":false,\"store_locator_show_distance\":false,\"store_locator_category\":false,\"wpgmza_store_locator_use_their_location\":false,\"wpgmza_store_locator_bounce\":false,\"wpgmza_sl_animation\":null,\"wpgmza_store_locator_hide_before_search\":false,\"store_locator_query_string\":\"\",\"store_locator_location_placeholder\":\"\",\"store_locator_default_address\":\"\",\"store_locator_name_search\":false,\"store_locator_name_string\":\"\",\"store_locator_not_found_message\":\"\",\"wpgmza_map_align\":\"1\",\"jump_to_nearest_marker_on_initialization\":false,\"automatically_pan_to_users_location\":false,\"override_users_location_zoom_level\":false,\"override_users_location_zoom_levels\":\"\",\"show_distance_from_location\":false,\"map_max_zoom\":\"21\",\"map_min_zoom\":\"0\",\"click_open_link\":false,\"fit_maps_bounds_to_markers\":false,\"fit_maps_bounds_to_markers_after_filtering\":false,\"hide_point_of_interest\":false,\"wpgmza_zoom_on_marker_click\":false,\"wpgmza_zoom_on_marker_click_slider\":\"\",\"close_infowindow_on_map_click\":false,\"disable_lightbox_images\":false,\"use_Raw_Jpeg_Coordinates\":false,\"polygon_labels\":false,\"disable_polygon_info_windows\":false,\"enable_marker_ratings\":false,\"enable_marker_labels\":false,\"only_load_markers_within_viewport\":false,\"zoom_level_mobile_override_enabled\":false,\"zoom_level_mobile_override\":\"\",\"iw_primary_color\":\"#000000\",\"iw_accent_color\":\"#000000\",\"iw_text_color\":\"#000000\",\"wpgmza_listmarkers_by\":\"0\",\"wpgmza_marker_listing_position\":false,\"wpgmza_push_in_map\":false,\"wpgmza_push_in_map_placement\":null,\"wpgmza_push_in_map_width\":\"\",\"wpgmza_push_in_map_height\":\"\",\"zoom_level_on_marker_listing_override\":false,\"zoom_level_on_marker_listing_click\":\"\",\"marker_listing_disable_zoom\":false,\"datatable_no_result_message\":\"\",\"remove_search_box_datables\":false,\"dataTable_pagination_style\":null,\"datatable_search_string\":\"\",\"datatable_result_start\":\"\",\"datatable_result_of\":\"\",\"datatable_result_to\":\"\",\"datatable_result_total\":\"\",\"datatable_result_show\":\"\",\"datatable_result_entries\":\"\",\"wpgmza_savemap\":\"Save Map \\u00bb\"}}' data-map-id='1' data-maps-engine='google-maps' data-shortcode-attributes='{\"id\":\"1\"}' style=\"display:block; overflow:auto; width:100%; height:400px; float:left;\"><\/div><\/div>\n<\/div>\n\n\n\n<div class=\"wp-block-columns alignwide is-layout-flex wp-container-core-columns-is-layout-28f84493 wp-block-columns-is-layout-flex\">\n<div class=\"wp-block-column is-vertically-aligned-center is-layout-flow wp-block-column-is-layout-flow\">\n<figure class=\"wp-block-image size-large\"><img loading=\"lazy\" decoding=\"async\" width=\"1024\" height=\"768\" src=\"https:\/\/fellini.vebbit.io\/wp-content\/uploads\/2025\/03\/305884200_601283791702232_8080096098409750266_n-1024x768.jpg\" alt=\"\" class=\"wp-image-329\" srcset=\"https:\/\/fellini.vebbit.io\/wp-content\/uploads\/2025\/03\/305884200_601283791702232_8080096098409750266_n-1024x768.jpg 1024w, https:\/\/fellini.vebbit.io\/wp-content\/uploads\/2025\/03\/305884200_601283791702232_8080096098409750266_n-300x225.jpg 300w, https:\/\/fellini.vebbit.io\/wp-content\/uploads\/2025\/03\/305884200_601283791702232_8080096098409750266_n-768x576.jpg 768w, https:\/\/fellini.vebbit.io\/wp-content\/uploads\/2025\/03\/305884200_601283791702232_8080096098409750266_n-1536x1152.jpg 1536w, https:\/\/fellini.vebbit.io\/wp-content\/uploads\/2025\/03\/305884200_601283791702232_8080096098409750266_n-16x12.jpg 16w, https:\/\/fellini.vebbit.io\/wp-content\/uploads\/2025\/03\/305884200_601283791702232_8080096098409750266_n.jpg 2048w\" sizes=\"auto, (max-width: 1024px) 100vw, 1024px\" \/><\/figure>\n<\/div>\n\n\n\n<div class=\"wp-block-column is-vertically-aligned-center is-layout-flow wp-block-column-is-layout-flow\">\n<div class=\"wp-block-group has-global-padding is-layout-constrained wp-block-group-is-layout-constrained\">\n<h2 class=\"wp-block-heading\">Our history<\/h2>\n\n\n\n<p>Fellini opened its doors on 1 August 2012, when our father rented the premises at the old Kaffistova in Torget 8. When the premises were later sold, he decided to purchase a new location in Vestfjordgata 8, where we opened on 2 May 2015. Since then, Fellini has been a permanent part of the local community.<\/p>\n\n\n\n<p>We, the brothers, took over the business on 1 January 2019 and have since carried on our father's vision.<\/p>\n\n\n\n<p>For us, it is important to create a great experience for our customers \u2013 we want our guests to enjoy themselves and return.<\/p>\n\n\n\n<p>If you're looking for white tablecloths and a three-course meal, Fellini might not be the place for you. But if you want a cosy meal at great prices with friendly service, we believe Fellini is just the place for you.<\/p>\n<\/div>\n<\/div>\n<\/div>","protected":false},"excerpt":{"rendered":"<p>Kontaktinformasjon: Tlf: 76 07 77 60 Org. nr.: 926 037 854 E-post booking: restaurant@fellinisvolvar.no E-post faktura: flas@faktura.poweroffice.net Adresse: Vestfjordgata 88300 Svolv\u00e6r V\u00e5r historie Fellini \u00e5pnet d\u00f8rene 1. august 2012, da v\u00e5r far leide lokalet p\u00e5 gamle Kaffistova i Torget 8. Da lokalet senere ble solgt, valgte han \u00e5 kj\u00f8pe et nytt lokale i Vestfjordgata 8, [&hellip;]<\/p>","protected":false},"author":1,"featured_media":290,"parent":0,"menu_order":0,"comment_status":"closed","ping_status":"closed","template":"","meta":{"footnotes":""},"class_list":["post-288","page","type-page","status-publish","has-post-thumbnail","hentry"],"_links":{"self":[{"href":"https:\/\/fellini.vebbit.io\/en\/wp-json\/wp\/v2\/pages\/288","targetHints":{"allow":["GET"]}}],"collection":[{"href":"https:\/\/fellini.vebbit.io\/en\/wp-json\/wp\/v2\/pages"}],"about":[{"href":"https:\/\/fellini.vebbit.io\/en\/wp-json\/wp\/v2\/types\/page"}],"author":[{"embeddable":true,"href":"https:\/\/fellini.vebbit.io\/en\/wp-json\/wp\/v2\/users\/1"}],"replies":[{"embeddable":true,"href":"https:\/\/fellini.vebbit.io\/en\/wp-json\/wp\/v2\/comments?post=288"}],"version-history":[{"count":30,"href":"https:\/\/fellini.vebbit.io\/en\/wp-json\/wp\/v2\/pages\/288\/revisions"}],"predecessor-version":[{"id":358,"href":"https:\/\/fellini.vebbit.io\/en\/wp-json\/wp\/v2\/pages\/288\/revisions\/358"}],"wp:featuredmedia":[{"embeddable":true,"href":"https:\/\/fellini.vebbit.io\/en\/wp-json\/wp\/v2\/media\/290"}],"wp:attachment":[{"href":"https:\/\/fellini.vebbit.io\/en\/wp-json\/wp\/v2\/media?parent=288"}],"curies":[{"name":"wp","href":"https:\/\/api.w.org\/{rel}","templated":true}]}}